{"id":22,"date":"2023-12-19T14:42:55","date_gmt":"2023-12-19T14:42:55","guid":{"rendered":"http:\/\/las-brasas.es\/?page_id=22"},"modified":"2023-12-19T23:08:21","modified_gmt":"2023-12-19T23:08:21","slug":"subvenciones","status":"publish","type":"page","link":"https:\/\/las-brasas.es\/?page_id=22","title":{"rendered":"SUBVENCIONES"},"content":{"rendered":"\t\t<div data-elementor-type=\"wp-page\" data-elementor-id=\"22\" class=\"elementor elementor-22\">\n\t\t\t\t\t\t\t<div class=\"elementor-element elementor-element-5a2664d5 e-flex e-con-boxed e-con e-parent\" data-id=\"5a2664d5\" data-element_type=\"container\" data-settings=\"{&quot;content_width&quot;:&quot;boxed&quot;}\" data-core-v316-plus=\"true\">\n\t\t\t\t\t<div class=\"e-con-inner\">\n\t\t\t\t<div class=\"elementor-element elementor-element-7e89769e elementor-widget elementor-widget-text-editor\" data-id=\"7e89769e\" data-element_type=\"widget\" data-widget_type=\"text-editor.default\">\n\t\t\t\t<div class=\"elementor-widget-container\">\n\t\t\t<style>\/*! elementor - v3.18.0 - 08-12-2023 *\/\n.elementor-widget-text-editor.elementor-drop-cap-view-stacked .elementor-drop-cap{background-color:#69727d;color:#fff}.elementor-widget-text-editor.elementor-drop-cap-view-framed .elementor-drop-cap{color:#69727d;border:3px solid;background-color:transparent}.elementor-widget-text-editor:not(.elementor-drop-cap-view-default) .elementor-drop-cap{margin-top:8px}.elementor-widget-text-editor:not(.elementor-drop-cap-view-default) .elementor-drop-cap-letter{width:1em;height:1em}.elementor-widget-text-editor .elementor-drop-cap{float:left;text-align:center;line-height:1;font-size:50px}.elementor-widget-text-editor .elementor-drop-cap-letter{display:inline-block}<\/style>\t\t\t\t<p>Gracias a la subvenci\u00f3n otorgada se ha conseguido reactivar, tras la pandemia sufrida por el COVID-19.<\/p><p>Esta subvenci\u00f3n se ha co-financiado con fondos europeos FEDER. Con la ejecuci\u00f3n del proyecto IVANOR JOSE JACOBSEM, ha obtenido los siguientes resultados:<\/p><p>RESULTADOS OBTENIDOS:<\/p><p>Los resultados obtenidos con el proyecto desarrollado incluyen:<\/p><p>* Un ambiente m\u00e1s moderno y atractivo en el restaurante, gracias a la renovaci\u00f3n de la decoraci\u00f3n, mobiliario e iluminaci\u00f3n.<\/p><p>* Un aumento en la eficiencia de la empresa, gracias a la optimizaci\u00f3n de procesos de producci\u00f3n y la incorporaci\u00f3n de maquinaria avanzada.<\/p><p>* Un incremento en las ventas debido a la mejora en la calidad del servicio y la modernizaci\u00f3n del local.<\/p><p>* La consolidaci\u00f3n del restaurante como un referente en el sector de la restauraci\u00f3n, diferenci\u00e1ndose en el mercado.<\/p><p>OBJETIVOS CONSEGUIDOS:<\/p><p>Los objetivos logrados con el proyecto desarrollado incluyen:<\/p><p>* Mejora de la eficiencia en la empresa mediante la optimizaci\u00f3n de procesos y la adquisici\u00f3n de maquinaria avanzada.<\/p><p>* Aumento de las ventas como resultado de la mejora en la calidad del servicio y la modernizaci\u00f3n del local.<\/p><p>* Mejora en la organizaci\u00f3n del espacio de trabajo y en los procesos internos, facilitando la labor del personal y reduciendo los tiempos de espera para los clientes.<\/p><p>* Creaci\u00f3n de empleo futuro a medida que el negocio se expanda y requiera m\u00e1s personal para satisfacer la demanda.<\/p><p>* Digitalizaci\u00f3n e innovaci\u00f3n en la oferta gastron\u00f3mica, permitiendo la creaci\u00f3n de platos m\u00e1s elaborados e innovadores.<\/p>\t\t\t\t\t\t<\/div>\n\t\t\t\t<\/div>\n\t\t\t\t\t<\/div>\n\t\t\t\t<\/div>\n\t\t<div class=\"elementor-element elementor-element-b8ba537 e-con-full e-flex e-con e-parent\" data-id=\"b8ba537\" data-element_type=\"container\" data-settings=\"{&quot;content_width&quot;:&quot;full&quot;}\" data-core-v316-plus=\"true\">\n\t\t\t\t<div class=\"elementor-element elementor-element-37677c9 elementor-widget elementor-widget-image\" data-id=\"37677c9\" data-element_type=\"widget\" data-widget_type=\"image.default\">\n\t\t\t\t<div class=\"elementor-widget-container\">\n\t\t\t<style>\/*! elementor - v3.18.0 - 08-12-2023 *\/\n.elementor-widget-image{text-align:center}.elementor-widget-image a{display:inline-block}.elementor-widget-image a img[src$=\".svg\"]{width:48px}.elementor-widget-image img{vertical-align:middle;display:inline-block}<\/style>\t\t\t\t\t\t\t\t\t\t\t\t<img fetchpriority=\"high\" decoding=\"async\" width=\"1024\" height=\"768\" src=\"https:\/\/las-brasas.es\/wp-content\/uploads\/2023\/12\/IMG-20231215-WA0009.jpg\" class=\"attachment-large size-large wp-image-29\" alt=\"\" srcset=\"https:\/\/las-brasas.es\/wp-content\/uploads\/2023\/12\/IMG-20231215-WA0009.jpg 1024w, https:\/\/las-brasas.es\/wp-content\/uploads\/2023\/12\/IMG-20231215-WA0009-300x225.jpg 300w, https:\/\/las-brasas.es\/wp-content\/uploads\/2023\/12\/IMG-20231215-WA0009-768x576.jpg 768w\" sizes=\"(max-width: 1024px) 100vw, 1024px\" \/>\t\t\t\t\t\t\t\t\t\t\t\t\t\t\t<\/div>\n\t\t\t\t<\/div>\n\t\t\t\t<div class=\"elementor-element elementor-element-4f099a9 elementor-widget elementor-widget-image\" data-id=\"4f099a9\" data-element_type=\"widget\" data-widget_type=\"image.default\">\n\t\t\t\t<div class=\"elementor-widget-container\">\n\t\t\t\t\t\t\t\t\t\t\t\t\t\t\t<img decoding=\"async\" width=\"1024\" height=\"768\" src=\"https:\/\/las-brasas.es\/wp-content\/uploads\/2023\/12\/IMG-20231215-WA0008.jpg\" class=\"attachment-large size-large wp-image-28\" alt=\"\" srcset=\"https:\/\/las-brasas.es\/wp-content\/uploads\/2023\/12\/IMG-20231215-WA0008.jpg 1024w, https:\/\/las-brasas.es\/wp-content\/uploads\/2023\/12\/IMG-20231215-WA0008-300x225.jpg 300w, https:\/\/las-brasas.es\/wp-content\/uploads\/2023\/12\/IMG-20231215-WA0008-768x576.jpg 768w\" sizes=\"(max-width: 1024px) 100vw, 1024px\" \/>\t\t\t\t\t\t\t\t\t\t\t\t\t\t\t<\/div>\n\t\t\t\t<\/div>\n\t\t\t\t<\/div>\n\t\t\t\t\t\t\t<\/div>\n\t\t","protected":false},"excerpt":{"rendered":"<p>Gracias a la subvenci\u00f3n otorgada se ha conseguido reactivar, tras la pandemia sufrida por el COVID-19. Esta subvenci\u00f3n se ha co-financiado con fondos europeos FEDER. Con la ejecuci\u00f3n del proyecto IVANOR JOSE JACOBSEM, ha obtenido los siguientes resultados: RESULTADOS OBTENIDOS: Los resultados obtenidos con el proyecto desarrollado incluyen: * Un ambiente m\u00e1s moderno y atractivo &hellip;<\/p>\n<p class=\"read-more\"> <a class=\"\" href=\"https:\/\/las-brasas.es\/?page_id=22\"> <span class=\"screen-reader-text\">SUBVENCIONES<\/span> Leer m\u00e1s &raquo;<\/a><\/p>\n","protected":false},"author":1,"featured_media":0,"parent":0,"menu_order":0,"comment_status":"closed","ping_status":"closed","template":"elementor_header_footer","meta":{"site-sidebar-layout":"no-sidebar","site-content-layout":"","ast-site-content-layout":"normal-width-container","site-content-style":"unboxed","site-sidebar-style":"default","ast-global-header-display":"","ast-banner-title-visibility":"","ast-main-header-display":"","ast-hfb-above-header-display":"","ast-hfb-below-header-display":"","ast-hfb-mobile-header-display":"","site-post-title":"","ast-breadcrumbs-content":"","ast-featured-img":"","footer-sml-layout":"","theme-transparent-header-meta":"default","adv-header-id-meta":"","stick-header-meta":"","header-above-stick-meta":"","header-main-stick-meta":"","header-below-stick-meta":"","astra-migrate-meta-layouts":"set","ast-page-background-enabled":"default","ast-page-background-meta":{"desktop":{"background-color":"var(--ast-global-color-4)","background-image":"","background-repeat":"repeat","background-position":"center center","background-size":"auto","background-attachment":"scroll","background-type":"","background-media":"","overlay-type":"","overlay-color":"","overlay-gradient":""},"tablet":{"background-color":"","background-image":"","background-repeat":"repeat","background-position":"center center","background-size":"auto","background-attachment":"scroll","background-type":"","background-media":"","overlay-type":"","overlay-color":"","overlay-gradient":""},"mobile":{"background-color":"","background-image":"","background-repeat":"repeat","background-position":"center center","background-size":"auto","background-attachment":"scroll","background-type":"","background-media":"","overlay-type":"","overlay-color":"","overlay-gradient":""}},"ast-content-background-meta":{"desktop":{"background-color":"var(--ast-global-color-5)","background-image":"","background-repeat":"repeat","background-position":"center center","background-size":"auto","background-attachment":"scroll","background-type":"","background-media":"","overlay-type":"","overlay-color":"","overlay-gradient":""},"tablet":{"background-color":"var(--ast-global-color-5)","background-image":"","background-repeat":"repeat","background-position":"center center","background-size":"auto","background-attachment":"scroll","background-type":"","background-media":"","overlay-type":"","overlay-color":"","overlay-gradient":""},"mobile":{"background-color":"var(--ast-global-color-5)","background-image":"","background-repeat":"repeat","background-position":"center center","background-size":"auto","background-attachment":"scroll","background-type":"","background-media":"","overlay-type":"","overlay-color":"","overlay-gradient":""}},"footnotes":""},"class_list":["post-22","page","type-page","status-publish","hentry"],"_links":{"self":[{"href":"https:\/\/las-brasas.es\/index.php?rest_route=\/wp\/v2\/pages\/22","targetHints":{"allow":["GET"]}}],"collection":[{"href":"https:\/\/las-brasas.es\/index.php?rest_route=\/wp\/v2\/pages"}],"about":[{"href":"https:\/\/las-brasas.es\/index.php?rest_route=\/wp\/v2\/types\/page"}],"author":[{"embeddable":true,"href":"https:\/\/las-brasas.es\/index.php?rest_route=\/wp\/v2\/users\/1"}],"replies":[{"embeddable":true,"href":"https:\/\/las-brasas.es\/index.php?rest_route=%2Fwp%2Fv2%2Fcomments&post=22"}],"version-history":[{"count":21,"href":"https:\/\/las-brasas.es\/index.php?rest_route=\/wp\/v2\/pages\/22\/revisions"}],"predecessor-version":[{"id":193,"href":"https:\/\/las-brasas.es\/index.php?rest_route=\/wp\/v2\/pages\/22\/revisions\/193"}],"wp:attachment":[{"href":"https:\/\/las-brasas.es\/index.php?rest_route=%2Fwp%2Fv2%2Fmedia&parent=22"}],"curies":[{"name":"wp","href":"https:\/\/api.w.org\/{rel}","templated":true}]}}